{"id":14,"date":"2020-05-22T21:34:45","date_gmt":"2020-05-22T21:34:45","guid":{"rendered":"https:\/\/pablocorigliano.com.ar\/wp\/?page_id=14"},"modified":"2020-06-12T19:05:22","modified_gmt":"2020-06-12T22:05:22","slug":"organizacion","status":"publish","type":"page","link":"https:\/\/pablocorigliano.com.ar\/?page_id=14","title":{"rendered":"Qui\u00e9nes Somos?"},"content":{"rendered":"\n<p style=\"font-size:26px\" class=\"has-text-color has-vivid-cyan-blue-color\"><strong>Qui\u00e9nes Somos?<\/strong><\/p>\n\n\n\n<div class=\"wp-block-group\"><div class=\"wp-block-group__inner-container\">\n<p>Me inici\u00e9 en esta profesi\u00f3n pensando en brindar a la sociedad mi vocaci\u00f3n de servicio y empat\u00eda en el trato personal, basado en altos principios \u00e9ticos y profesionales, adem\u00e1s de una s\u00f3lida formaci\u00f3n acad\u00e9mica.<\/p>\n\n\n\n<p>Mi misi\u00f3n es que las personas y empresas a las que asesoro protejan su patrimonio de la manera m\u00e1s eficiente:  al menor costo posible y con el mayor respaldo financiero y patrimonial que otorgan las compa\u00f1\u00edas que elijo para operar.<\/p>\n\n\n\n<p>La pasi\u00f3n por lo que hago y el trabajo en equipo con mis colaboradores nos permite asesorar al cliente desde el primer contacto y acompa\u00f1arlo en el momento del siniestro para un r\u00e1pido y eficaz resarcimiento del da\u00f1o sufrido.<\/p>\n\n\n\n<p>Estoy agradecido a todos los clientes y aseguradoras que nos acompa\u00f1an y conf\u00edan en nosotros; convencido de que seguiremos aprendiendo y mejorando juntos para lograr un crecimiento sostenido en el tiempo.<\/p>\n\n\n\n<p><strong><em>Pablo Corigliano<\/em><\/strong><\/p>\n\n\n\n<p><strong><em>Productor Asesor de Seguros<\/em><\/strong>. &nbsp;&nbsp;&nbsp;&nbsp;&nbsp;&nbsp;&nbsp;&nbsp;&nbsp;&nbsp;&nbsp;&nbsp;&nbsp;&nbsp;&nbsp;&nbsp;&nbsp;&nbsp;<\/p>\n\n\n\n<ul><li>Productor Asesor de Seguros (M.N. 62.018 &#8211; A\u00f1o 2004)<\/li><li>Lic. en Administraci\u00f3n de Empresas (Universidad de Belgrano &#8211; A\u00f1o 1996)<\/li><\/ul>\n\n\n\n<p>&nbsp;&nbsp;&nbsp;&nbsp;&nbsp;&nbsp;&nbsp;&nbsp;&nbsp;&nbsp;&nbsp;&nbsp;&nbsp;&nbsp;&nbsp;&nbsp;&nbsp;&nbsp;&nbsp;&nbsp;&nbsp;&nbsp;&nbsp;&nbsp;&nbsp;&nbsp;&nbsp;&nbsp;&nbsp;&nbsp;&nbsp;&nbsp;&nbsp;&nbsp;&nbsp;&nbsp;&nbsp;&nbsp;&nbsp;&nbsp;&nbsp;&nbsp;&nbsp;&nbsp;&nbsp;&nbsp;&nbsp;&nbsp;&nbsp;&nbsp;&nbsp;&nbsp;&nbsp;&nbsp;&nbsp;&nbsp;&nbsp;&nbsp;&nbsp;<\/p>\n<\/div><\/div>\n","protected":false},"excerpt":{"rendered":"<p>Qui\u00e9nes Somos?<\/p>\n","protected":false},"author":1,"featured_media":0,"parent":0,"menu_order":0,"comment_status":"closed","ping_status":"closed","template":"","meta":{"site-sidebar-layout":"default","site-content-layout":"content-boxed-container","ast-site-content-layout":"default","site-content-style":"default","site-sidebar-style":"default","ast-global-header-display":"","ast-banner-title-visibility":"","ast-main-header-display":"","ast-hfb-above-header-display":"","ast-hfb-below-header-display":"","ast-hfb-mobile-header-display":"","site-post-title":"disabled","ast-breadcrumbs-content":"","ast-featured-img":"","footer-sml-layout":"","theme-transparent-header-meta":"default","adv-header-id-meta":"","stick-header-meta":"","header-above-stick-meta":"","header-main-stick-meta":"","header-below-stick-meta":"","astra-migrate-meta-layouts":"default","ast-page-background-enabled":"default","ast-page-background-meta":{"desktop":{"background-color":"var(--ast-global-color-4)","background-image":"","background-repeat":"repeat","background-position":"center center","background-size":"auto","background-attachment":"scroll","background-type":"","background-media":"","overlay-type":"","overlay-color":"","overlay-opacity":"","overlay-gradient":""},"tablet":{"background-color":"","background-image":"","background-repeat":"repeat","background-position":"center center","background-size":"auto","background-attachment":"scroll","background-type":"","background-media":"","overlay-type":"","overlay-color":"","overlay-opacity":"","overlay-gradient":""},"mobile":{"background-color":"","background-image":"","background-repeat":"repeat","background-position":"center center","background-size":"auto","background-attachment":"scroll","background-type":"","background-media":"","overlay-type":"","overlay-color":"","overlay-opacity":"","overlay-gradient":""}},"ast-content-background-meta":{"desktop":{"background-color":"var(--ast-global-color-5)","background-image":"","background-repeat":"repeat","background-position":"center center","background-size":"auto","background-attachment":"scroll","background-type":"","background-media":"","overlay-type":"","overlay-color":"","overlay-opacity":"","overlay-gradient":""},"tablet":{"background-color":"var(--ast-global-color-5)","background-image":"","background-repeat":"repeat","background-position":"center center","background-size":"auto","background-attachment":"scroll","background-type":"","background-media":"","overlay-type":"","overlay-color":"","overlay-opacity":"","overlay-gradient":""},"mobile":{"background-color":"var(--ast-global-color-5)","background-image":"","background-repeat":"repeat","background-position":"center center","background-size":"auto","background-attachment":"scroll","background-type":"","background-media":"","overlay-type":"","overlay-color":"","overlay-opacity":"","overlay-gradient":""}}},"_links":{"self":[{"href":"https:\/\/pablocorigliano.com.ar\/index.php?rest_route=\/wp\/v2\/pages\/14"}],"collection":[{"href":"https:\/\/pablocorigliano.com.ar\/index.php?rest_route=\/wp\/v2\/pages"}],"about":[{"href":"https:\/\/pablocorigliano.com.ar\/index.php?rest_route=\/wp\/v2\/types\/page"}],"author":[{"embeddable":true,"href":"https:\/\/pablocorigliano.com.ar\/index.php?rest_route=\/wp\/v2\/users\/1"}],"replies":[{"embeddable":true,"href":"https:\/\/pablocorigliano.com.ar\/index.php?rest_route=%2Fwp%2Fv2%2Fcomments&post=14"}],"version-history":[{"count":6,"href":"https:\/\/pablocorigliano.com.ar\/index.php?rest_route=\/wp\/v2\/pages\/14\/revisions"}],"predecessor-version":[{"id":385,"href":"https:\/\/pablocorigliano.com.ar\/index.php?rest_route=\/wp\/v2\/pages\/14\/revisions\/385"}],"wp:attachment":[{"href":"https:\/\/pablocorigliano.com.ar\/index.php?rest_route=%2Fwp%2Fv2%2Fmedia&parent=14"}],"curies":[{"name":"wp","href":"https:\/\/api.w.org\/{rel}","templated":true}]}}