{"id":184,"date":"2020-06-06T16:36:57","date_gmt":"2020-06-06T19:36:57","guid":{"rendered":"https:\/\/pablocorigliano.com.ar\/?page_id=184"},"modified":"2020-06-11T15:22:29","modified_gmt":"2020-06-11T18:22:29","slug":"preguntas-frecuentes","status":"publish","type":"page","link":"https:\/\/pablocorigliano.com.ar\/?page_id=184","title":{"rendered":"Preguntas Frecuentes"},"content":{"rendered":"\n<p class=\"has-text-color has-vivid-cyan-blue-color\"><strong>\u00bfPor qu\u00e9 contratar un seguro por medio de un productor de seguros?<\/strong><\/p>\n\n\n\n<p>Es un profesional altamente capacitado, su actividad est\u00e1 regida por la Superintendencia de Seguros de la Naci\u00f3n, organismo que tambi\u00e9n les exige registros legales de su accionar.<br>\u00bb Conoce las fortalezas de cada compa\u00f1\u00eda.<br>\u00bb Analiza personalmente las necesidades de cobertura que usted requiere.<br>\u00bb Esta a su disposici\u00f3n ante cualquier consulta o requerimiento.<\/p>\n\n\n\n<p class=\"has-text-color has-vivid-cyan-blue-color\"><strong>\u00bfQu\u00e9 documentaci\u00f3n es necesaria para asegurar un autom\u00f3vil?<\/strong><\/p>\n\n\n\n<p>Basta la presentaci\u00f3n de la c\u00e9dula de identificaci\u00f3n del tomador y la \u201ctarjeta verde\u201d del veh\u00edculo.<\/p>\n\n\n\n<p class=\"has-text-color has-vivid-cyan-blue-color\"><strong>\u00bfCu\u00e1les son las obligaciones y cargas impuestas por la Ley de Seguros para el asegurado?<\/strong><\/p>\n\n\n\n<p>\u00bb Pagar la prima.<br>\u00bb Informar a su productor los cambios ocurridos sobre la persona o la cosa asegurada.<br>\u00bb Informar inmediatamente la ocurrencia de un siniestro.<br>\u00bb Proveer informaci\u00f3n complementaria requerida por la compa\u00f1\u00eda.<\/p>\n\n\n\n<p class=\"has-text-color has-vivid-cyan-blue-color\"><strong>\u00bfQu\u00e9 sucede si dejo de pagar el premio al vencimiento de cada cuota?<\/strong><\/p>\n\n\n\n<p>La compa\u00f1\u00eda suspende la cobertura y su obligaci\u00f3n de indemnizar hasta las 00:00 hs del d\u00eda siguiente al que se efectiviza el pago de la misma.<\/p>\n\n\n\n<p class=\"has-text-color has-vivid-cyan-blue-color\"><strong>\u00bfCu\u00e1ndo debo  comunicar a la compa\u00f1\u00eda aseguradora el suceso del siniestro?<\/strong><\/p>\n\n\n\n<p>Dentro de los tres d\u00edas corridos (72 horas) a partir de que conozco el hecho.<\/p>\n","protected":false},"excerpt":{"rendered":"<p>\u00bfPor qu\u00e9 contratar un seguro por medio de un productor de seguros? Es un profesional altamente capacitado, su actividad est\u00e1 regida por la Superintendencia de Seguros de la Naci\u00f3n, organismo que tambi\u00e9n les exige registros legales de su accionar.\u00bb Conoce las fortalezas de cada compa\u00f1\u00eda.\u00bb Analiza personalmente las necesidades de cobertura que usted requiere.\u00bb Esta [&hellip;]<\/p>\n","protected":false},"author":1,"featured_media":0,"parent":0,"menu_order":0,"comment_status":"closed","ping_status":"closed","template":"","meta":{"site-sidebar-layout":"default","site-content-layout":"boxed-container","ast-site-content-layout":"default","site-content-style":"default","site-sidebar-style":"default","ast-global-header-display":"","ast-banner-title-visibility":"","ast-main-header-display":"","ast-hfb-above-header-display":"","ast-hfb-below-header-display":"","ast-hfb-mobile-header-display":"","site-post-title":"","ast-breadcrumbs-content":"","ast-featured-img":"","footer-sml-layout":"","theme-transparent-header-meta":"default","adv-header-id-meta":"","stick-header-meta":"","header-above-stick-meta":"","header-main-stick-meta":"","header-below-stick-meta":"","astra-migrate-meta-layouts":"default","ast-page-background-enabled":"default","ast-page-background-meta":{"desktop":{"background-color":"var(--ast-global-color-4)","background-image":"","background-repeat":"repeat","background-position":"center center","background-size":"auto","background-attachment":"scroll","background-type":"","background-media":"","overlay-type":"","overlay-color":"","overlay-opacity":"","overlay-gradient":""},"tablet":{"background-color":"","background-image":"","background-repeat":"repeat","background-position":"center center","background-size":"auto","background-attachment":"scroll","background-type":"","background-media":"","overlay-type":"","overlay-color":"","overlay-opacity":"","overlay-gradient":""},"mobile":{"background-color":"","background-image":"","background-repeat":"repeat","background-position":"center center","background-size":"auto","background-attachment":"scroll","background-type":"","background-media":"","overlay-type":"","overlay-color":"","overlay-opacity":"","overlay-gradient":""}},"ast-content-background-meta":{"desktop":{"background-color":"var(--ast-global-color-5)","background-image":"","background-repeat":"repeat","background-position":"center center","background-size":"auto","background-attachment":"scroll","background-type":"","background-media":"","overlay-type":"","overlay-color":"","overlay-opacity":"","overlay-gradient":""},"tablet":{"background-color":"var(--ast-global-color-5)","background-image":"","background-repeat":"repeat","background-position":"center center","background-size":"auto","background-attachment":"scroll","background-type":"","background-media":"","overlay-type":"","overlay-color":"","overlay-opacity":"","overlay-gradient":""},"mobile":{"background-color":"var(--ast-global-color-5)","background-image":"","background-repeat":"repeat","background-position":"center center","background-size":"auto","background-attachment":"scroll","background-type":"","background-media":"","overlay-type":"","overlay-color":"","overlay-opacity":"","overlay-gradient":""}}},"_links":{"self":[{"href":"https:\/\/pablocorigliano.com.ar\/index.php?rest_route=\/wp\/v2\/pages\/184"}],"collection":[{"href":"https:\/\/pablocorigliano.com.ar\/index.php?rest_route=\/wp\/v2\/pages"}],"about":[{"href":"https:\/\/pablocorigliano.com.ar\/index.php?rest_route=\/wp\/v2\/types\/page"}],"author":[{"embeddable":true,"href":"https:\/\/pablocorigliano.com.ar\/index.php?rest_route=\/wp\/v2\/users\/1"}],"replies":[{"embeddable":true,"href":"https:\/\/pablocorigliano.com.ar\/index.php?rest_route=%2Fwp%2Fv2%2Fcomments&post=184"}],"version-history":[{"count":8,"href":"https:\/\/pablocorigliano.com.ar\/index.php?rest_route=\/wp\/v2\/pages\/184\/revisions"}],"predecessor-version":[{"id":306,"href":"https:\/\/pablocorigliano.com.ar\/index.php?rest_route=\/wp\/v2\/pages\/184\/revisions\/306"}],"wp:attachment":[{"href":"https:\/\/pablocorigliano.com.ar\/index.php?rest_route=%2Fwp%2Fv2%2Fmedia&parent=184"}],"curies":[{"name":"wp","href":"https:\/\/api.w.org\/{rel}","templated":true}]}}