{"id":348,"date":"2020-06-12T17:00:54","date_gmt":"2020-06-12T20:00:54","guid":{"rendered":"https:\/\/pablocorigliano.com.ar\/?page_id=348"},"modified":"2020-06-12T19:09:39","modified_gmt":"2020-06-12T22:09:39","slug":"coberturas","status":"publish","type":"page","link":"https:\/\/pablocorigliano.com.ar\/?page_id=348","title":{"rendered":"Coberturas"},"content":{"rendered":"\n<h2>  <\/h2>\n\n\n\n<h2 class=\"has-vivid-cyan-blue-color has-text-color\"><strong>  Coberturas<\/strong><\/h2>\n\n\n\n<ul><li>AUTOMOTORES: autos, camiones y motos.<\/li><li>HOGAR (con coberturas de TODO RIESGO para Electrodom\u00e9sticos)<\/li><li>INCENDIO y TERREMOTO para inmuebles.<\/li><li>INTEGRALES PARA CONSORCIOS (partes comunes y totales).<\/li><li>INTEGRALES PARA COMERCIOS (oficinas, locales, f\u00e1bricas y dep\u00f3sitos).&nbsp;<\/li><li>TODO RIESGO OPERATIVO para grandes industrias.<\/li><li>TODO RIESGO CONSTRUCCI\u00d3N Y MONTAJE.<\/li><li>RESPONSABILIDAD CIVIL PARA EVENTOS.<\/li><li>TRANSPORTE DE MERCADER\u00cdAS (terrestre, a\u00e9reo y mar\u00edtimo).<\/li><li>CAUCIONES (financieras, oferta, contratos, aduaneras, alquileres y directores).<\/li><li>EMBARCACIONES DE PLACER Y DEPORTIVAS.<\/li><li>AERONAVEGACI\u00d3N (aviones y helic\u00f3pteros)<\/li><li>AGR\u00cdCOLAS: Granizo, vientos fuertes y heladas para cultivos (ma\u00edz, soja, trigo, girasol, etc.). Ganado y Responsabilidad Civil Estampidas.<\/li><li>RESPONSABILIDAD CIVIL PROFESIONAL (abogados, ingenieros, mala praxis m\u00e9dica, etc.)<\/li><li>SEGURO DE VIDA OBLIGATORIO y LEY DE CONTRATO DE TRABAJO.<\/li><li>ACCIDENTES PERSONALES<\/li><li>A.R.T. (Accidentes de Riesgos del Trabajo).<\/li><li>D&amp;O \/ E&amp;0<\/li><li>SEGUROS DE CR\u00c9DITO.&nbsp;<\/li><\/ul>\n\n\n\n<p><\/p>\n","protected":false},"excerpt":{"rendered":"<p>Coberturas AUTOMOTORES: autos, camiones y motos. HOGAR (con coberturas de TODO RIESGO para Electrodom\u00e9sticos) INCENDIO y TERREMOTO para inmuebles. INTEGRALES PARA CONSORCIOS (partes comunes y totales). INTEGRALES PARA COMERCIOS (oficinas, locales, f\u00e1bricas y dep\u00f3sitos).&nbsp; TODO RIESGO OPERATIVO para grandes industrias. TODO RIESGO CONSTRUCCI\u00d3N Y MONTAJE. RESPONSABILIDAD CIVIL PARA EVENTOS. TRANSPORTE DE MERCADER\u00cdAS (terrestre, a\u00e9reo y [&hellip;]<\/p>\n","protected":false},"author":1,"featured_media":0,"parent":0,"menu_order":0,"comment_status":"closed","ping_status":"closed","template":"","meta":{"site-sidebar-layout":"default","site-content-layout":"plain-container","ast-site-content-layout":"default","site-content-style":"default","site-sidebar-style":"default","ast-global-header-display":"","ast-banner-title-visibility":"","ast-main-header-display":"","ast-hfb-above-header-display":"","ast-hfb-below-header-display":"","ast-hfb-mobile-header-display":"","site-post-title":"disabled","ast-breadcrumbs-content":"","ast-featured-img":"","footer-sml-layout":"","theme-transparent-header-meta":"default","adv-header-id-meta":"","stick-header-meta":"","header-above-stick-meta":"","header-main-stick-meta":"","header-below-stick-meta":"","astra-migrate-meta-layouts":"default","ast-page-background-enabled":"default","ast-page-background-meta":{"desktop":{"background-color":"var(--ast-global-color-4)","background-image":"","background-repeat":"repeat","background-position":"center center","background-size":"auto","background-attachment":"scroll","background-type":"","background-media":"","overlay-type":"","overlay-color":"","overlay-opacity":"","overlay-gradient":""},"tablet":{"background-color":"","background-image":"","background-repeat":"repeat","background-position":"center center","background-size":"auto","background-attachment":"scroll","background-type":"","background-media":"","overlay-type":"","overlay-color":"","overlay-opacity":"","overlay-gradient":""},"mobile":{"background-color":"","background-image":"","background-repeat":"repeat","background-position":"center center","background-size":"auto","background-attachment":"scroll","background-type":"","background-media":"","overlay-type":"","overlay-color":"","overlay-opacity":"","overlay-gradient":""}},"ast-content-background-meta":{"desktop":{"background-color":"var(--ast-global-color-5)","background-image":"","background-repeat":"repeat","background-position":"center center","background-size":"auto","background-attachment":"scroll","background-type":"","background-media":"","overlay-type":"","overlay-color":"","overlay-opacity":"","overlay-gradient":""},"tablet":{"background-color":"var(--ast-global-color-5)","background-image":"","background-repeat":"repeat","background-position":"center center","background-size":"auto","background-attachment":"scroll","background-type":"","background-media":"","overlay-type":"","overlay-color":"","overlay-opacity":"","overlay-gradient":""},"mobile":{"background-color":"var(--ast-global-color-5)","background-image":"","background-repeat":"repeat","background-position":"center center","background-size":"auto","background-attachment":"scroll","background-type":"","background-media":"","overlay-type":"","overlay-color":"","overlay-opacity":"","overlay-gradient":""}}},"_links":{"self":[{"href":"https:\/\/pablocorigliano.com.ar\/index.php?rest_route=\/wp\/v2\/pages\/348"}],"collection":[{"href":"https:\/\/pablocorigliano.com.ar\/index.php?rest_route=\/wp\/v2\/pages"}],"about":[{"href":"https:\/\/pablocorigliano.com.ar\/index.php?rest_route=\/wp\/v2\/types\/page"}],"author":[{"embeddable":true,"href":"https:\/\/pablocorigliano.com.ar\/index.php?rest_route=\/wp\/v2\/users\/1"}],"replies":[{"embeddable":true,"href":"https:\/\/pablocorigliano.com.ar\/index.php?rest_route=%2Fwp%2Fv2%2Fcomments&post=348"}],"version-history":[{"count":4,"href":"https:\/\/pablocorigliano.com.ar\/index.php?rest_route=\/wp\/v2\/pages\/348\/revisions"}],"predecessor-version":[{"id":387,"href":"https:\/\/pablocorigliano.com.ar\/index.php?rest_route=\/wp\/v2\/pages\/348\/revisions\/387"}],"wp:attachment":[{"href":"https:\/\/pablocorigliano.com.ar\/index.php?rest_route=%2Fwp%2Fv2%2Fmedia&parent=348"}],"curies":[{"name":"wp","href":"https:\/\/api.w.org\/{rel}","templated":true}]}}