{"id":64,"date":"2020-05-22T23:53:55","date_gmt":"2020-05-22T23:53:55","guid":{"rendered":"https:\/\/pablocorigliano.com.ar\/wp\/?page_id=64"},"modified":"2020-06-12T18:40:33","modified_gmt":"2020-06-12T21:40:33","slug":"inicio","status":"publish","type":"page","link":"https:\/\/pablocorigliano.com.ar\/","title":{"rendered":""},"content":{"rendered":"\n<div class=\"wp-block-group\"><div class=\"wp-block-group__inner-container\">\n<div class=\"wp-block-group\"><div class=\"wp-block-group__inner-container\">\n[masterslider id=\u00bb8&#8243;]\n<\/div><\/div>\n<\/div><\/div>\n\n\n\n<p style=\"font-size:24px\" class=\"has-background has-text-align-center has-very-light-gray-background-color\"><strong>COMPA\u00d1\u00cdAS L\u00cdDERES CON LAS QUE OPERAMOS<\/strong><\/p>\n\n\n\n<div class=\"wp-block-columns\">\n<div class=\"wp-block-column\">\n<div class=\"wp-block-columns\">\n<div class=\"wp-block-column\">\n<figure class=\"wp-block-image size-full\"><img loading=\"lazy\" width=\"376\" height=\"105\" src=\"https:\/\/pablocorigliano.com.ar\/wp-content\/uploads\/2020\/06\/LOGOS-WEB-PC-02.jpg\" alt=\"\" class=\"wp-image-358\" srcset=\"https:\/\/pablocorigliano.com.ar\/wp-content\/uploads\/2020\/06\/LOGOS-WEB-PC-02.jpg 376w, https:\/\/pablocorigliano.com.ar\/wp-content\/uploads\/2020\/06\/LOGOS-WEB-PC-02-300x84.jpg 300w\" sizes=\"(max-width: 376px) 100vw, 376px\" \/><\/figure>\n<\/div>\n\n\n\n<div class=\"wp-block-column\">\n<figure class=\"wp-block-image size-large\"><img loading=\"lazy\" width=\"376\" height=\"105\" src=\"https:\/\/pablocorigliano.com.ar\/wp-content\/uploads\/2020\/06\/LOGOS-WEB-PC-03.jpg\" alt=\"\" class=\"wp-image-359\" srcset=\"https:\/\/pablocorigliano.com.ar\/wp-content\/uploads\/2020\/06\/LOGOS-WEB-PC-03.jpg 376w, https:\/\/pablocorigliano.com.ar\/wp-content\/uploads\/2020\/06\/LOGOS-WEB-PC-03-300x84.jpg 300w\" sizes=\"(max-width: 376px) 100vw, 376px\" \/><\/figure>\n<\/div>\n\n\n\n<div class=\"wp-block-column\">\n<figure class=\"wp-block-image size-large\"><img loading=\"lazy\" width=\"375\" height=\"105\" src=\"https:\/\/pablocorigliano.com.ar\/wp-content\/uploads\/2020\/06\/LOGOS-WEB-PC-04.jpg\" alt=\"\" class=\"wp-image-360\" srcset=\"https:\/\/pablocorigliano.com.ar\/wp-content\/uploads\/2020\/06\/LOGOS-WEB-PC-04.jpg 375w, https:\/\/pablocorigliano.com.ar\/wp-content\/uploads\/2020\/06\/LOGOS-WEB-PC-04-300x84.jpg 300w\" sizes=\"(max-width: 375px) 100vw, 375px\" \/><\/figure>\n<\/div>\n<\/div>\n<\/div>\n\n\n\n<div class=\"wp-block-column\">\n<div class=\"wp-block-columns\">\n<div class=\"wp-block-column\">\n<figure class=\"wp-block-image size-large is-style-default\"><img loading=\"lazy\" width=\"376\" height=\"105\" src=\"https:\/\/pablocorigliano.com.ar\/wp-content\/uploads\/2020\/06\/LOGOS-WEB-PC-05.jpg\" alt=\"\" class=\"wp-image-361\" srcset=\"https:\/\/pablocorigliano.com.ar\/wp-content\/uploads\/2020\/06\/LOGOS-WEB-PC-05.jpg 376w, https:\/\/pablocorigliano.com.ar\/wp-content\/uploads\/2020\/06\/LOGOS-WEB-PC-05-300x84.jpg 300w\" sizes=\"(max-width: 376px) 100vw, 376px\" \/><\/figure>\n<\/div>\n\n\n\n<div class=\"wp-block-column\">\n<figure class=\"wp-block-image size-large\"><img loading=\"lazy\" width=\"376\" height=\"105\" src=\"https:\/\/pablocorigliano.com.ar\/wp-content\/uploads\/2020\/06\/LOGOS-WEB-PC-06.jpg\" alt=\"\" class=\"wp-image-362\" srcset=\"https:\/\/pablocorigliano.com.ar\/wp-content\/uploads\/2020\/06\/LOGOS-WEB-PC-06.jpg 376w, https:\/\/pablocorigliano.com.ar\/wp-content\/uploads\/2020\/06\/LOGOS-WEB-PC-06-300x84.jpg 300w\" sizes=\"(max-width: 376px) 100vw, 376px\" \/><\/figure>\n<\/div>\n\n\n\n<div class=\"wp-block-column\">\n<figure class=\"wp-block-image size-large\"><img loading=\"lazy\" width=\"375\" height=\"105\" src=\"https:\/\/pablocorigliano.com.ar\/wp-content\/uploads\/2020\/06\/LOGOS-WEB-PC-07.jpg\" alt=\"\" class=\"wp-image-363\" srcset=\"https:\/\/pablocorigliano.com.ar\/wp-content\/uploads\/2020\/06\/LOGOS-WEB-PC-07.jpg 375w, https:\/\/pablocorigliano.com.ar\/wp-content\/uploads\/2020\/06\/LOGOS-WEB-PC-07-300x84.jpg 300w\" sizes=\"(max-width: 375px) 100vw, 375px\" \/><\/figure>\n<\/div>\n<\/div>\n<\/div>\n\n\n\n<div class=\"wp-block-column\">\n<div class=\"wp-block-columns\">\n<div class=\"wp-block-column\">\n<figure class=\"wp-block-image size-large\"><img loading=\"lazy\" width=\"376\" height=\"105\" src=\"https:\/\/pablocorigliano.com.ar\/wp-content\/uploads\/2020\/06\/LOGOS-WEB-PC-08.jpg\" alt=\"\" class=\"wp-image-364\" srcset=\"https:\/\/pablocorigliano.com.ar\/wp-content\/uploads\/2020\/06\/LOGOS-WEB-PC-08.jpg 376w, https:\/\/pablocorigliano.com.ar\/wp-content\/uploads\/2020\/06\/LOGOS-WEB-PC-08-300x84.jpg 300w\" sizes=\"(max-width: 376px) 100vw, 376px\" \/><\/figure>\n<\/div>\n\n\n\n<div class=\"wp-block-column\">\n<figure class=\"wp-block-image size-large\"><img loading=\"lazy\" width=\"376\" height=\"105\" src=\"https:\/\/pablocorigliano.com.ar\/wp-content\/uploads\/2020\/06\/LOGOS-WEB-PC-09.jpg\" alt=\"\" class=\"wp-image-365\" srcset=\"https:\/\/pablocorigliano.com.ar\/wp-content\/uploads\/2020\/06\/LOGOS-WEB-PC-09.jpg 376w, https:\/\/pablocorigliano.com.ar\/wp-content\/uploads\/2020\/06\/LOGOS-WEB-PC-09-300x84.jpg 300w\" sizes=\"(max-width: 376px) 100vw, 376px\" \/><\/figure>\n<\/div>\n\n\n\n<div class=\"wp-block-column\">\n<figure class=\"wp-block-image size-large is-style-default\"><img loading=\"lazy\" width=\"375\" height=\"105\" src=\"https:\/\/pablocorigliano.com.ar\/wp-content\/uploads\/2020\/06\/LOGOS-WEB-PC_Mesa-de-trabajo-1.jpg\" alt=\"\" class=\"wp-image-372\" srcset=\"https:\/\/pablocorigliano.com.ar\/wp-content\/uploads\/2020\/06\/LOGOS-WEB-PC_Mesa-de-trabajo-1.jpg 375w, https:\/\/pablocorigliano.com.ar\/wp-content\/uploads\/2020\/06\/LOGOS-WEB-PC_Mesa-de-trabajo-1-300x84.jpg 300w\" sizes=\"(max-width: 375px) 100vw, 375px\" \/><\/figure>\n<\/div>\n<\/div>\n<\/div>\n<\/div>\n","protected":false},"excerpt":{"rendered":"<p>COMPA\u00d1\u00cdAS L\u00cdDERES CON LAS QUE OPERAMOS<\/p>\n","protected":false},"author":1,"featured_media":0,"parent":0,"menu_order":0,"comment_status":"closed","ping_status":"closed","template":"","meta":{"site-sidebar-layout":"no-sidebar","site-content-layout":"page-builder","ast-site-content-layout":"default","site-content-style":"default","site-sidebar-style":"default","ast-global-header-display":"","ast-banner-title-visibility":"","ast-main-header-display":"","ast-hfb-above-header-display":"","ast-hfb-below-header-display":"","ast-hfb-mobile-header-display":"","site-post-title":"disabled","ast-breadcrumbs-content":"","ast-featured-img":"","footer-sml-layout":"","theme-transparent-header-meta":"default","adv-header-id-meta":"","stick-header-meta":"","header-above-stick-meta":"","header-main-stick-meta":"","header-below-stick-meta":"","astra-migrate-meta-layouts":"default","ast-page-background-enabled":"default","ast-page-background-meta":{"desktop":{"background-color":"var(--ast-global-color-4)","background-image":"","background-repeat":"repeat","background-position":"center center","background-size":"auto","background-attachment":"scroll","background-type":"","background-media":"","overlay-type":"","overlay-color":"","overlay-opacity":"","overlay-gradient":""},"tablet":{"background-color":"","background-image":"","background-repeat":"repeat","background-position":"center center","background-size":"auto","background-attachment":"scroll","background-type":"","background-media":"","overlay-type":"","overlay-color":"","overlay-opacity":"","overlay-gradient":""},"mobile":{"background-color":"","background-image":"","background-repeat":"repeat","background-position":"center center","background-size":"auto","background-attachment":"scroll","background-type":"","background-media":"","overlay-type":"","overlay-color":"","overlay-opacity":"","overlay-gradient":""}},"ast-content-background-meta":{"desktop":{"background-color":"var(--ast-global-color-5)","background-image":"","background-repeat":"repeat","background-position":"center center","background-size":"auto","background-attachment":"scroll","background-type":"","background-media":"","overlay-type":"","overlay-color":"","overlay-opacity":"","overlay-gradient":""},"tablet":{"background-color":"var(--ast-global-color-5)","background-image":"","background-repeat":"repeat","background-position":"center center","background-size":"auto","background-attachment":"scroll","background-type":"","background-media":"","overlay-type":"","overlay-color":"","overlay-opacity":"","overlay-gradient":""},"mobile":{"background-color":"var(--ast-global-color-5)","background-image":"","background-repeat":"repeat","background-position":"center center","background-size":"auto","background-attachment":"scroll","background-type":"","background-media":"","overlay-type":"","overlay-color":"","overlay-opacity":"","overlay-gradient":""}}},"_links":{"self":[{"href":"https:\/\/pablocorigliano.com.ar\/index.php?rest_route=\/wp\/v2\/pages\/64"}],"collection":[{"href":"https:\/\/pablocorigliano.com.ar\/index.php?rest_route=\/wp\/v2\/pages"}],"about":[{"href":"https:\/\/pablocorigliano.com.ar\/index.php?rest_route=\/wp\/v2\/types\/page"}],"author":[{"embeddable":true,"href":"https:\/\/pablocorigliano.com.ar\/index.php?rest_route=\/wp\/v2\/users\/1"}],"replies":[{"embeddable":true,"href":"https:\/\/pablocorigliano.com.ar\/index.php?rest_route=%2Fwp%2Fv2%2Fcomments&post=64"}],"version-history":[{"count":90,"href":"https:\/\/pablocorigliano.com.ar\/index.php?rest_route=\/wp\/v2\/pages\/64\/revisions"}],"predecessor-version":[{"id":374,"href":"https:\/\/pablocorigliano.com.ar\/index.php?rest_route=\/wp\/v2\/pages\/64\/revisions\/374"}],"wp:attachment":[{"href":"https:\/\/pablocorigliano.com.ar\/index.php?rest_route=%2Fwp%2Fv2%2Fmedia&parent=64"}],"curies":[{"name":"wp","href":"https:\/\/api.w.org\/{rel}","templated":true}]}}